{"id":107,"date":"2023-04-06T17:41:47","date_gmt":"2023-04-06T17:41:47","guid":{"rendered":"https:\/\/abacus-school.com\/?page_id=107"},"modified":"2023-04-06T23:05:48","modified_gmt":"2023-04-06T23:05:48","slug":"admission-form","status":"publish","type":"page","link":"https:\/\/abacus-school.com\/pt\/admission-form\/","title":{"rendered":"Formul\u00e1rio de Admiss\u00e3o"},"content":{"rendered":"<div class=\"wp-block-contact-form-7-contact-form-selector\">\n<div class=\"wpcf7 no-js\" id=\"wpcf7-f108-o1\" lang=\"en-US\" dir=\"ltr\" data-wpcf7-id=\"108\">\n<div class=\"screen-reader-response\"><p role=\"status\" aria-live=\"polite\" aria-atomic=\"true\"><\/p> <ul><\/ul><\/div>\n<form action=\"\/pt\/wp-json\/wp\/v2\/pages\/107#wpcf7-f108-o1\" method=\"post\" class=\"wpcf7-form init\" aria-label=\"Contact form\" enctype=\"multipart\/form-data\" novalidate=\"novalidate\" data-status=\"init\" data-trp-original-action=\"\/pt\/wp-json\/wp\/v2\/pages\/107#wpcf7-f108-o1\">\n<fieldset class=\"hidden-fields-container\"><input type=\"hidden\" name=\"_wpcf7\" value=\"108\" \/><input type=\"hidden\" name=\"_wpcf7_version\" value=\"6.1.5\" \/><input type=\"hidden\" name=\"_wpcf7_locale\" value=\"en_US\" \/><input type=\"hidden\" name=\"_wpcf7_unit_tag\" value=\"wpcf7-f108-o1\" \/><input type=\"hidden\" name=\"_wpcf7_container_post\" value=\"0\" \/><input type=\"hidden\" name=\"_wpcf7_posted_data_hash\" value=\"\" \/>\n<\/fieldset>\n<p><label> Detalhe Pessoal <\/label>\n<\/p>\n<p><label> Nome do Estudante:<span class=\"wpcf7-form-control-wrap\" data-name=\"Student-Name\"><input size=\"40\" maxlength=\"400\" class=\"wpcf7-form-control wpcf7-text wpcf7-validates-as-required\" aria-required=\"true\" aria-invalid=\"false\" placeholder=\"Insira o Nome Completo do Estudante\" value=\"\" type=\"text\" name=\"Student-Name\" \/><\/span><\/label><br \/>\n<label> Sexo do Aluno: <\/label><span class=\"wpcf7-form-control-wrap\" data-name=\"student-gender\"><span class=\"wpcf7-form-control wpcf7-checkbox wpcf7-validates-as-required wpcf7-exclusive-checkbox\"><span class=\"wpcf7-list-item first\"><label><span class=\"wpcf7-list-item-label\">Masculino<\/span><input type=\"checkbox\" name=\"student-gender\" value=\"Male\" \/><\/label><\/span><span class=\"wpcf7-list-item last\"><label><span class=\"wpcf7-list-item-label\">Feminino<\/span><input type=\"checkbox\" name=\"student-gender\" value=\"Female\" \/><\/label><\/span><\/span><\/span><br \/>\n<label> Data de Nascimento do Estudante: <\/label><span class=\"wpcf7-form-control-wrap\" data-name=\"Birthday\"><input class=\"wpcf7-form-control wpcf7-date wpcf7-validates-as-required wpcf7-validates-as-date\" min=\"1990-01-01\" aria-required=\"true\" aria-invalid=\"false\" placeholder=\"dd\/mm\/aaaa\" value=\"\" type=\"date\" name=\"Birthday\" \/><\/span>\n<\/p>\n<p><label> Religi\u00e3o do Estudante: <\/label><span class=\"wpcf7-form-control-wrap\" data-name=\"student-religion\"><select class=\"wpcf7-form-control wpcf7-select wpcf7-validates-as-required\" aria-required=\"true\" aria-invalid=\"false\" name=\"student-religion\"><option value=\"Christianity\">Cristianismo<\/option><option value=\"Islam\">Islamismo<\/option><option value=\"Hinduism\">Hinduismo<\/option><option value=\"Buddhism\">Budismo<\/option><option value=\"Judaism\">Juda\u00edsmo<\/option><option value=\"Other Religion\">Outra Religi\u00e3o<\/option><option value=\"Not Religious\">N\u00e3o Religioso<\/option><\/select><\/span>\n<\/p>\n<p><label> Grupo Sangu\u00edneo do Estudante: <\/label><span class=\"wpcf7-form-control-wrap\" data-name=\"Blood-Group\"><select class=\"wpcf7-form-control wpcf7-select wpcf7-validates-as-required\" aria-required=\"true\" aria-invalid=\"false\" name=\"Blood-Group\"><option value=\"O+\">O+<\/option><option value=\"A+\">A+<\/option><option value=\"B+\">B+<\/option><option value=\"AB+\">AB+<\/option><option value=\"O-\">O-<\/option><option value=\"A-\">A-<\/option><option value=\"B-\">B-<\/option><option value=\"AB-\">AB-<\/option><\/select><\/span>\n<\/p>\n<p><label> Endere\u00e7o do Aluno: <\/label><span class=\"wpcf7-form-control-wrap\" data-name=\"Student-Address\"><input size=\"40\" maxlength=\"400\" class=\"wpcf7-form-control wpcf7-text wpcf7-validates-as-required\" aria-required=\"true\" aria-invalid=\"false\" placeholder=\"Insira o endere\u00e7o\" value=\"\" type=\"text\" name=\"Student-Address\" \/><\/span>\n<\/p>\n<p><label> Telefone do Estudante: <\/label><span class=\"wpcf7-form-control-wrap\" data-name=\"Student-Tel\"><input size=\"40\" maxlength=\"400\" class=\"wpcf7-form-control wpcf7-tel wpcf7-validates-as-required wpcf7-text wpcf7-validates-as-tel\" aria-required=\"true\" aria-invalid=\"false\" placeholder=\"Insira on n\u00famero de telefone\" value=\"\" type=\"tel\" name=\"Student-Tel\" \/><\/span>\n<\/p>\n<p><label> Email do Estudante: <\/label><span class=\"wpcf7-form-control-wrap\" data-name=\"student-email\"><input size=\"40\" maxlength=\"400\" class=\"wpcf7-form-control wpcf7-email wpcf7-validates-as-required wpcf7-text wpcf7-validates-as-email\" aria-required=\"true\" aria-invalid=\"false\" placeholder=\"Insira o email do estudante\" value=\"\" type=\"email\" name=\"student-email\" \/><\/span>\n<\/p>\n<p><label> Descri\u00e7\u00e3o do Aluno: <\/label><span class=\"wpcf7-form-control-wrap\" data-name=\"student-description\"><textarea cols=\"40\" rows=\"10\" maxlength=\"2000\" class=\"wpcf7-form-control wpcf7-textarea wpcf7-validates-as-required\" aria-required=\"true\" aria-invalid=\"false\" placeholder=\"Descreva o Aluno\" name=\"student-description\"><\/textarea><\/span>\n<\/p>\n<p><label> Estado do Aluno: <\/label><span class=\"wpcf7-form-control-wrap\" data-name=\"student-status\"><span class=\"wpcf7-form-control wpcf7-radio\"><span class=\"wpcf7-list-item first\"><label><span class=\"wpcf7-list-item-label\">Novo<\/span><input type=\"radio\" name=\"student-status\" value=\"New\" checked=\"checked\" \/><\/label><\/span><span class=\"wpcf7-list-item last\"><label><span class=\"wpcf7-list-item-label\">Regresso<\/span><input type=\"radio\" name=\"student-status\" value=\"Returning\" \/><\/label><\/span><\/span><\/span>\n<\/p>\n<p><label> Detalhe de Admiss\u00e3o <\/label>\n<\/p>\n<p><label> Data de Submiss\u00e3o: <\/label><span class=\"wpcf7-form-control-wrap\" data-name=\"submission-day\"><input class=\"wpcf7-form-control wpcf7-date wpcf7-validates-as-required wpcf7-validates-as-date\" min=\"2023-01-01\" aria-required=\"true\" aria-invalid=\"false\" placeholder=\"dd\/mm\/aaaa\" value=\"\" type=\"date\" name=\"submission-day\" \/><\/span><br \/>\n<label> Ano de Admiss\u00e3o: <\/label><span class=\"wpcf7-form-control-wrap\" data-name=\"admission-year\"><select class=\"wpcf7-form-control wpcf7-select wpcf7-validates-as-required\" aria-required=\"true\" aria-invalid=\"false\" name=\"admission-year\"><option value=\"2023\">2023<\/option><option value=\"2024\">2024<\/option><\/select><\/span><br \/>\n<label> Classe: <\/label><span class=\"wpcf7-form-control-wrap\" data-name=\"Class\"><select class=\"wpcf7-form-control wpcf7-select wpcf7-validates-as-required\" aria-required=\"true\" aria-invalid=\"false\" name=\"Class\"><option value=\"Grade 1\">1\u00aa Classe<\/option><option value=\"Grade 2\">2\u00aa Classe<\/option><option value=\"Grade 3\">3\u00aa Classe<\/option><option value=\"Grade 4\">4\u00aa Classe<\/option><option value=\"Grade 5\">5\u00aa Classe<\/option><option value=\"Grade 6\">6\u00aa Classe<\/option><option value=\"Grade 7\">7\u00aa Classe<\/option><option value=\"Grade 8\">8\u00aa Classe<\/option><option value=\"Grade 9\">9\u00aa Classe<\/option><option value=\"Grade 10\">10\u00aa Classe<\/option><option value=\"Grade 11\">11\u00aa Classe<\/option><option value=\"Grade 12\">12\u00aa Classe<\/option><\/select><\/span>\n<\/p>\n<p><label> Detalhes dos Pais e Tutor <\/label>\n<\/p>\n<p><label> Nome do Pai <span class=\"wpcf7-form-control-wrap\" data-name=\"father-name\"><input size=\"40\" maxlength=\"400\" class=\"wpcf7-form-control wpcf7-text wpcf7-validates-as-required\" autocomplete=\"name\" aria-required=\"true\" aria-invalid=\"false\" value=\"\" type=\"text\" name=\"father-name\" \/><\/span> <\/label>\n<\/p>\n<p><label>Endere\u00e7o do Pai <span class=\"wpcf7-form-control-wrap\" data-name=\"Father-Address\"><input size=\"40\" maxlength=\"400\" class=\"wpcf7-form-control wpcf7-text wpcf7-validates-as-required\" aria-required=\"true\" aria-invalid=\"false\" placeholder=\"Insira o endere\u00e7o\" value=\"\" type=\"text\" name=\"Father-Address\" \/><\/span><\/label>\n<\/p>\n<p><label> Telefone do Pai 1: <span class=\"wpcf7-form-control-wrap\" data-name=\"Father-Tel1\"><input size=\"40\" maxlength=\"400\" class=\"wpcf7-form-control wpcf7-tel wpcf7-validates-as-required wpcf7-text wpcf7-validates-as-tel\" aria-required=\"true\" aria-invalid=\"false\" placeholder=\"Insira on n\u00famero de telefone\" value=\"\" type=\"tel\" name=\"Father-Tel1\" \/><\/span><\/label>\n<\/p>\n<p><label> Telefone do Pai 2: <span class=\"wpcf7-form-control-wrap\" data-name=\"Father-Tel2\"><input size=\"40\" maxlength=\"400\" class=\"wpcf7-form-control wpcf7-tel wpcf7-validates-as-required wpcf7-text wpcf7-validates-as-tel\" aria-required=\"true\" aria-invalid=\"false\" placeholder=\"Insira on n\u00famero de telefone\" value=\"\" type=\"tel\" name=\"Father-Tel2\" \/><\/span><\/label>\n<\/p>\n<p><label> Email do Pai: <span class=\"wpcf7-form-control-wrap\" data-name=\"father-email\"><input size=\"40\" maxlength=\"400\" class=\"wpcf7-form-control wpcf7-email wpcf7-validates-as-required wpcf7-text wpcf7-validates-as-email\" aria-required=\"true\" aria-invalid=\"false\" placeholder=\"Insira o endere\u00e7o do Pai\" value=\"\" type=\"email\" name=\"father-email\" \/><\/span> <\/label>\n<\/p>\n<p><label> Ocupa\u00e7\u00e3o do Pai: <span class=\"wpcf7-form-control-wrap\" data-name=\"father-occupation\"><input size=\"40\" maxlength=\"400\" class=\"wpcf7-form-control wpcf7-text\" aria-invalid=\"false\" placeholder=\"Insira a Ocupa\u00e7\u00e3o do Pai\" value=\"\" type=\"text\" name=\"father-occupation\" \/><\/span> <\/label>\n<\/p>\n<p><label> Nome da M\u00e3e: <span class=\"wpcf7-form-control-wrap\" data-name=\"mother-name\"><input size=\"40\" maxlength=\"400\" class=\"wpcf7-form-control wpcf7-text wpcf7-validates-as-required\" aria-required=\"true\" aria-invalid=\"false\" placeholder=\"Insira o nome da M\u00e3e\" value=\"\" type=\"text\" name=\"mother-name\" \/><\/span> <\/label>\n<\/p>\n<p><label> Endere\u00e7o da M\u00e3e: <\/label><span class=\"wpcf7-form-control-wrap\" data-name=\"Mother-Address\"><input size=\"40\" maxlength=\"400\" class=\"wpcf7-form-control wpcf7-text wpcf7-validates-as-required\" aria-required=\"true\" aria-invalid=\"false\" placeholder=\"Insira o endere\u00e7o\" value=\"\" type=\"text\" name=\"Mother-Address\" \/><\/span>\n<\/p>\n<p><label> Telefone da M\u00e3e 1: <\/label><span class=\"wpcf7-form-control-wrap\" data-name=\"Mother-Tel1\"><input size=\"40\" maxlength=\"400\" class=\"wpcf7-form-control wpcf7-tel wpcf7-validates-as-required wpcf7-text wpcf7-validates-as-tel\" aria-required=\"true\" aria-invalid=\"false\" placeholder=\"Insira o n\u00famero de Telefone 1\" value=\"\" type=\"tel\" name=\"Mother-Tel1\" \/><\/span>\n<\/p>\n<p><label> Telefone da M\u00e3e 2: <\/label><span class=\"wpcf7-form-control-wrap\" data-name=\"Mother-Tel2\"><input size=\"40\" maxlength=\"400\" class=\"wpcf7-form-control wpcf7-tel wpcf7-validates-as-required wpcf7-text wpcf7-validates-as-tel\" aria-required=\"true\" aria-invalid=\"false\" placeholder=\"Insira o n\u00famero de Telefone 2\" value=\"\" type=\"tel\" name=\"Mother-Tel2\" \/><\/span>\n<\/p>\n<p><label> Email da M\u00e3e: <span class=\"wpcf7-form-control-wrap\" data-name=\"Mother-Email\"><input size=\"40\" maxlength=\"400\" class=\"wpcf7-form-control wpcf7-email wpcf7-validates-as-required wpcf7-text wpcf7-validates-as-email\" aria-required=\"true\" aria-invalid=\"false\" placeholder=\"Insira o email da M\u00e3e\" value=\"\" type=\"email\" name=\"Mother-Email\" \/><\/span> <\/label>\n<\/p>\n<p><label> Ocupa\u00e7\u00e3o da M\u00e3e: <span class=\"wpcf7-form-control-wrap\" data-name=\"mother-occupation\"><input size=\"40\" maxlength=\"400\" class=\"wpcf7-form-control wpcf7-text\" aria-invalid=\"false\" placeholder=\"Insira a Ocupa\u00e7\u00e3o da M\u00e3e\" value=\"\" type=\"text\" name=\"mother-occupation\" \/><\/span> <\/label>\n<\/p>\n<p><label> Nome do Tutor: <\/label><span class=\"wpcf7-form-control-wrap\" data-name=\"Guardian-name\"><input size=\"40\" maxlength=\"400\" class=\"wpcf7-form-control wpcf7-text\" aria-invalid=\"false\" placeholder=\"insira o nome do Tutor\" value=\"\" type=\"text\" name=\"Guardian-name\" \/><\/span>\n<\/p>\n<p><label> Endere\u00e7o do Tutor: <\/label><span class=\"wpcf7-form-control-wrap\" data-name=\"Guardian-Address\"><input size=\"40\" maxlength=\"400\" class=\"wpcf7-form-control wpcf7-text\" aria-invalid=\"false\" placeholder=\"Insira o endere\u00e7o do tutor\" value=\"\" type=\"text\" name=\"Guardian-Address\" \/><\/span>\n<\/p>\n<p><label> Telefone do Tutor 1: <\/label><span class=\"wpcf7-form-control-wrap\" data-name=\"Guardian-Tel1\"><input size=\"40\" maxlength=\"400\" class=\"wpcf7-form-control wpcf7-tel wpcf7-text wpcf7-validates-as-tel\" aria-invalid=\"false\" placeholder=\"Insira on n\u00famero de telefone\" value=\"\" type=\"tel\" name=\"Guardian-Tel1\" \/><\/span>\n<\/p>\n<p><label> Telefone do Tutor 2: <\/label><span class=\"wpcf7-form-control-wrap\" data-name=\"Guardian-Tel2\"><input size=\"40\" maxlength=\"400\" class=\"wpcf7-form-control wpcf7-tel wpcf7-text wpcf7-validates-as-tel\" aria-invalid=\"false\" placeholder=\"Insira on n\u00famero de telefone\" value=\"\" type=\"tel\" name=\"Guardian-Tel2\" \/><\/span>\n<\/p>\n<p><label> Email do Tutor: <\/label><span class=\"wpcf7-form-control-wrap\" data-name=\"guardian-email\"><input size=\"40\" maxlength=\"400\" class=\"wpcf7-form-control wpcf7-email wpcf7-text wpcf7-validates-as-email\" aria-invalid=\"false\" placeholder=\"Insira o endere\u00e7o do tutor\" value=\"\" type=\"email\" name=\"guardian-email\" \/><\/span>\n<\/p>\n<p><label> Ocupa\u00e7\u00e3o do Tutor: <span class=\"wpcf7-form-control-wrap\" data-name=\"guardian-occupation\"><input size=\"40\" maxlength=\"400\" class=\"wpcf7-form-control wpcf7-text\" aria-invalid=\"false\" placeholder=\"Insira a Ocupa\u00e7\u00e3o do Tutor\" value=\"\" type=\"text\" name=\"guardian-occupation\" \/><\/span> <\/label>\n<\/p>\n<p><label> Comunica\u00e7\u00e3o Escola-Parente <\/label>\n<\/p>\n<p><label> Nome de contacto: <span class=\"wpcf7-form-control-wrap\" data-name=\"your-name\"><input size=\"40\" maxlength=\"400\" class=\"wpcf7-form-control wpcf7-text wpcf7-validates-as-required\" aria-required=\"true\" aria-invalid=\"false\" placeholder=\"Insira nome de contacto\" value=\"\" type=\"text\" name=\"your-name\" \/><\/span> <\/label>\n<\/p>\n<p><label> Email do Contacto <span class=\"wpcf7-form-control-wrap\" data-name=\"your-email\"><input size=\"40\" maxlength=\"400\" class=\"wpcf7-form-control wpcf7-email wpcf7-validates-as-required wpcf7-text wpcf7-validates-as-email\" aria-required=\"true\" aria-invalid=\"false\" placeholder=\"Insira o email do contacto\" value=\"\" type=\"email\" name=\"your-email\" \/><\/span> <\/label>\n<\/p>\n<p><label> Documentos a anexar(formatos: pdf, png e jpg somente) <\/label><br \/>\n<label> Relat\u00f3rio\/Transcri\u00e7\u00e3o da Escola 1 <span class=\"wpcf7-form-control-wrap\" data-name=\"report-1\"><input size=\"40\" class=\"wpcf7-form-control wpcf7-file wpcf7-validates-as-required\" accept=\".pdf,.png,.jpg\" aria-required=\"true\" aria-invalid=\"false\" type=\"file\" name=\"report-1\" \/><\/span> <\/label><label> Relat\u00f3rio\/Transcri\u00e7\u00e3o da Escola 2 <span class=\"wpcf7-form-control-wrap\" data-name=\"report-2\"><input size=\"40\" class=\"wpcf7-form-control wpcf7-file wpcf7-validates-as-required\" accept=\".pdf,.png,.jpg\" aria-required=\"true\" aria-invalid=\"false\" type=\"file\" name=\"report-2\" \/><\/span> <\/label><label> ID Pessoal (Frente e Verso) <span class=\"wpcf7-form-control-wrap\" data-name=\"personal-id1\"><input size=\"40\" class=\"wpcf7-form-control wpcf7-file wpcf7-validates-as-required\" accept=\".pdf,.png,.jpg\" aria-required=\"true\" aria-invalid=\"false\" type=\"file\" name=\"personal-id1\" \/><\/span> <\/label><label> Foto 1 <span class=\"wpcf7-form-control-wrap\" data-name=\"photo-1\"><input size=\"40\" class=\"wpcf7-form-control wpcf7-file wpcf7-validates-as-required\" accept=\".pdf,.png,.jpg\" aria-required=\"true\" aria-invalid=\"false\" type=\"file\" name=\"photo-1\" \/><\/span> <\/label><label> Prova de Pagamento 1 <span class=\"wpcf7-form-control-wrap\" data-name=\"payment-1\"><input size=\"40\" class=\"wpcf7-form-control wpcf7-file wpcf7-validates-as-required\" accept=\".pdf,.png,.jpg\" aria-required=\"true\" aria-invalid=\"false\" type=\"file\" name=\"payment-1\" \/><\/span> <\/label>\n<\/p>\n<p><label>Nota Importante: Sem anexar os boletins ou hist\u00f3ricos escolares, documentos de identifica\u00e7\u00e3o do aluno (BI\/Passaporte), fotos recentes e o comprovante de pagamento da taxa de matr\u00edcula, o ingresso do aluno ser\u00e1 arquivado como incompleto e at\u00e9 que seja preenchido o aluno n\u00e3o ser\u00e1 registrado. <\/label>\n<\/p>\n<p><label> Assunto <span class=\"wpcf7-form-control-wrap\" data-name=\"your-subject\"><span class=\"wpcf7-form-control wpcf7-checkbox wpcf7-validates-as-required wpcf7-exclusive-checkbox\"><span class=\"wpcf7-list-item first last\"><label><span class=\"wpcf7-list-item-label\">Formul\u00e1rio de Admiss\u00e3o<\/span><input type=\"checkbox\" name=\"your-subject\" value=\"Admission Form\" \/><\/label><\/span><\/span><\/span><\/label>\n<\/p>\n<p><label> Informa\u00e7\u00e3o Adicional (opcional)<br \/>\n<span class=\"wpcf7-form-control-wrap\" data-name=\"your-message\"><textarea cols=\"40\" rows=\"10\" maxlength=\"2000\" class=\"wpcf7-form-control wpcf7-textarea\" aria-invalid=\"false\" name=\"your-message\"><\/textarea><\/span> <\/label>\n<\/p>\n<p><input class=\"wpcf7-form-control wpcf7-submit has-spinner\" type=\"submit\" value=\"Submeter\" \/>\n<\/p><p style=\"display: none !important;\" class=\"akismet-fields-container\" data-prefix=\"_wpcf7_ak_\"><label>&#916;<textarea name=\"_wpcf7_ak_hp_textarea\" cols=\"45\" rows=\"8\" maxlength=\"100\"><\/textarea><\/label><input type=\"hidden\" id=\"ak_js_1\" name=\"_wpcf7_ak_js\" value=\"187\"\/><script>document.getElementById( \"ak_js_1\" ).setAttribute( \"value\", ( new Date() ).getTime() );<\/script><\/p><div class=\"wpcf7-response-output\" aria-hidden=\"true\"><\/div>\n<input type=\"hidden\" name=\"trp-form-language\" value=\"pt\"\/><\/form>\n<\/div>\n<\/div>","protected":false},"excerpt":{"rendered":"","protected":false},"author":1,"featured_media":0,"parent":0,"menu_order":0,"comment_status":"closed","ping_status":"closed","template":"","meta":{"footnotes":""},"class_list":["post-107","page","type-page","status-publish","hentry"],"blocksy_meta":[],"yoast_head":"<!-- This site is optimized with the Yoast SEO plugin v27.4 - https:\/\/yoast.com\/product\/yoast-seo-wordpress\/ -->\n<title>Admission form - Abacus School<\/title>\n<meta name=\"robots\" content=\"index, follow, max-snippet:-1, max-image-preview:large, max-video-preview:-1\" \/>\n<link rel=\"canonical\" href=\"https:\/\/abacus-school.com\/pt\/admission-form\/\" \/>\n<meta property=\"og:locale\" content=\"pt_PT\" \/>\n<meta property=\"og:type\" content=\"article\" \/>\n<meta property=\"og:title\" content=\"Admission form - Abacus School\" \/>\n<meta property=\"og:url\" content=\"https:\/\/abacus-school.com\/pt\/admission-form\/\" \/>\n<meta property=\"og:site_name\" content=\"Abacus School\" \/>\n<meta property=\"article:modified_time\" content=\"2023-04-06T23:05:48+00:00\" \/>\n<meta name=\"twitter:card\" content=\"summary_large_image\" \/>\n<script type=\"application\/ld+json\" class=\"yoast-schema-graph\">{\"@context\":\"https:\\\/\\\/schema.org\",\"@graph\":[{\"@type\":\"WebPage\",\"@id\":\"https:\\\/\\\/abacus-school.com\\\/admission-form\\\/\",\"url\":\"https:\\\/\\\/abacus-school.com\\\/admission-form\\\/\",\"name\":\"Admission form - Abacus School\",\"isPartOf\":{\"@id\":\"https:\\\/\\\/abacus-school.com\\\/#website\"},\"datePublished\":\"2023-04-06T17:41:47+00:00\",\"dateModified\":\"2023-04-06T23:05:48+00:00\",\"breadcrumb\":{\"@id\":\"https:\\\/\\\/abacus-school.com\\\/admission-form\\\/#breadcrumb\"},\"inLanguage\":\"pt-PT\",\"potentialAction\":[{\"@type\":\"ReadAction\",\"target\":[\"https:\\\/\\\/abacus-school.com\\\/admission-form\\\/\"]}]},{\"@type\":\"BreadcrumbList\",\"@id\":\"https:\\\/\\\/abacus-school.com\\\/admission-form\\\/#breadcrumb\",\"itemListElement\":[{\"@type\":\"ListItem\",\"position\":1,\"name\":\"Home\",\"item\":\"https:\\\/\\\/abacus-school.com\\\/\"},{\"@type\":\"ListItem\",\"position\":2,\"name\":\"Admission form\"}]},{\"@type\":\"WebSite\",\"@id\":\"https:\\\/\\\/abacus-school.com\\\/#website\",\"url\":\"https:\\\/\\\/abacus-school.com\\\/\",\"name\":\"Abacus School\",\"description\":\"Abacus School Maputo\",\"publisher\":{\"@id\":\"https:\\\/\\\/abacus-school.com\\\/#organization\"},\"potentialAction\":[{\"@type\":\"SearchAction\",\"target\":{\"@type\":\"EntryPoint\",\"urlTemplate\":\"https:\\\/\\\/abacus-school.com\\\/?s={search_term_string}\"},\"query-input\":{\"@type\":\"PropertyValueSpecification\",\"valueRequired\":true,\"valueName\":\"search_term_string\"}}],\"inLanguage\":\"pt-PT\"},{\"@type\":\"Organization\",\"@id\":\"https:\\\/\\\/abacus-school.com\\\/#organization\",\"name\":\"Abacus School\",\"url\":\"https:\\\/\\\/abacus-school.com\\\/\",\"logo\":{\"@type\":\"ImageObject\",\"inLanguage\":\"pt-PT\",\"@id\":\"https:\\\/\\\/abacus-school.com\\\/#\\\/schema\\\/logo\\\/image\\\/\",\"url\":\"https:\\\/\\\/abacus-school.com\\\/wp-content\\\/uploads\\\/2024\\\/11\\\/Abacus-companyLogo-small-1.png\",\"contentUrl\":\"https:\\\/\\\/abacus-school.com\\\/wp-content\\\/uploads\\\/2024\\\/11\\\/Abacus-companyLogo-small-1.png\",\"width\":107,\"height\":120,\"caption\":\"Abacus School\"},\"image\":{\"@id\":\"https:\\\/\\\/abacus-school.com\\\/#\\\/schema\\\/logo\\\/image\\\/\"}}]}<\/script>\n<!-- \/ Yoast SEO plugin. -->","yoast_head_json":{"title":"Admission form - Abacus School","robots":{"index":"index","follow":"follow","max-snippet":"max-snippet:-1","max-image-preview":"max-image-preview:large","max-video-preview":"max-video-preview:-1"},"canonical":"https:\/\/abacus-school.com\/pt\/admission-form\/","og_locale":"pt_PT","og_type":"article","og_title":"Admission form - Abacus School","og_url":"https:\/\/abacus-school.com\/pt\/admission-form\/","og_site_name":"Abacus School","article_modified_time":"2023-04-06T23:05:48+00:00","twitter_card":"summary_large_image","schema":{"@context":"https:\/\/schema.org","@graph":[{"@type":"WebPage","@id":"https:\/\/abacus-school.com\/admission-form\/","url":"https:\/\/abacus-school.com\/admission-form\/","name":"Admission form - Abacus School","isPartOf":{"@id":"https:\/\/abacus-school.com\/#website"},"datePublished":"2023-04-06T17:41:47+00:00","dateModified":"2023-04-06T23:05:48+00:00","breadcrumb":{"@id":"https:\/\/abacus-school.com\/admission-form\/#breadcrumb"},"inLanguage":"pt-PT","potentialAction":[{"@type":"ReadAction","target":["https:\/\/abacus-school.com\/admission-form\/"]}]},{"@type":"BreadcrumbList","@id":"https:\/\/abacus-school.com\/admission-form\/#breadcrumb","itemListElement":[{"@type":"ListItem","position":1,"name":"Home","item":"https:\/\/abacus-school.com\/"},{"@type":"ListItem","position":2,"name":"Admission form"}]},{"@type":"WebSite","@id":"https:\/\/abacus-school.com\/#website","url":"https:\/\/abacus-school.com\/","name":"Abacus School","description":"Abacus School Maputo","publisher":{"@id":"https:\/\/abacus-school.com\/#organization"},"potentialAction":[{"@type":"SearchAction","target":{"@type":"EntryPoint","urlTemplate":"https:\/\/abacus-school.com\/?s={search_term_string}"},"query-input":{"@type":"PropertyValueSpecification","valueRequired":true,"valueName":"search_term_string"}}],"inLanguage":"pt-PT"},{"@type":"Organization","@id":"https:\/\/abacus-school.com\/#organization","name":"Abacus School","url":"https:\/\/abacus-school.com\/","logo":{"@type":"ImageObject","inLanguage":"pt-PT","@id":"https:\/\/abacus-school.com\/#\/schema\/logo\/image\/","url":"https:\/\/abacus-school.com\/wp-content\/uploads\/2024\/11\/Abacus-companyLogo-small-1.png","contentUrl":"https:\/\/abacus-school.com\/wp-content\/uploads\/2024\/11\/Abacus-companyLogo-small-1.png","width":107,"height":120,"caption":"Abacus School"},"image":{"@id":"https:\/\/abacus-school.com\/#\/schema\/logo\/image\/"}}]}},"_links":{"self":[{"href":"https:\/\/abacus-school.com\/pt\/wp-json\/wp\/v2\/pages\/107","targetHints":{"allow":["GET"]}}],"collection":[{"href":"https:\/\/abacus-school.com\/pt\/wp-json\/wp\/v2\/pages"}],"about":[{"href":"https:\/\/abacus-school.com\/pt\/wp-json\/wp\/v2\/types\/page"}],"author":[{"embeddable":true,"href":"https:\/\/abacus-school.com\/pt\/wp-json\/wp\/v2\/users\/1"}],"replies":[{"embeddable":true,"href":"https:\/\/abacus-school.com\/pt\/wp-json\/wp\/v2\/comments?post=107"}],"version-history":[{"count":2,"href":"https:\/\/abacus-school.com\/pt\/wp-json\/wp\/v2\/pages\/107\/revisions"}],"predecessor-version":[{"id":118,"href":"https:\/\/abacus-school.com\/pt\/wp-json\/wp\/v2\/pages\/107\/revisions\/118"}],"wp:attachment":[{"href":"https:\/\/abacus-school.com\/pt\/wp-json\/wp\/v2\/media?parent=107"}],"curies":[{"name":"wp","href":"https:\/\/api.w.org\/{rel}","templated":true}]}}