{"id":2,"date":"2023-03-26T22:17:01","date_gmt":"2023-03-26T22:17:01","guid":{"rendered":"https:\/\/abacus-school.com\/?page_id=2"},"modified":"2024-11-18T14:29:39","modified_gmt":"2024-11-18T12:29:39","slug":"sample-page","status":"publish","type":"page","link":"https:\/\/abacus-school.com\/pt\/sample-page\/","title":{"rendered":"Home old"},"content":{"rendered":"<div style=\"height:10px\" aria-hidden=\"true\" class=\"wp-block-spacer\"><\/div>\n\n\n\n<h2 class=\"wp-block-heading has-text-align-center has-vivid-cyan-blue-color has-text-color has-large-font-size\"><strong>Bem Vindo ao Website da Abacus School!<\/strong><\/h2>\n\n\n\n<div class=\"wp-block-cover is-light has-custom-content-position is-position-bottom-left\" style=\"min-height:230px;aspect-ratio:unset;\"><span aria-hidden=\"true\" class=\"wp-block-cover__background has-background-dim-0 has-background-dim\"><\/span><img fetchpriority=\"high\" decoding=\"async\" width=\"1200\" height=\"624\" class=\"wp-block-cover__image-background wp-image-23\" alt=\"\" src=\"https:\/\/abacus-school.com\/wp-content\/uploads\/2023\/03\/cropped-abacus-kid-1200px.png\" data-object-fit=\"cover\" srcset=\"https:\/\/abacus-school.com\/wp-content\/uploads\/2023\/03\/cropped-abacus-kid-1200px.png 1200w, https:\/\/abacus-school.com\/wp-content\/uploads\/2023\/03\/cropped-abacus-kid-1200px-300x156.png 300w, https:\/\/abacus-school.com\/wp-content\/uploads\/2023\/03\/cropped-abacus-kid-1200px-1024x532.png 1024w, https:\/\/abacus-school.com\/wp-content\/uploads\/2023\/03\/cropped-abacus-kid-1200px-768x399.png 768w\" sizes=\"(max-width: 1200px) 100vw, 1200px\" \/><div class=\"wp-block-cover__inner-container is-layout-flow wp-block-cover-is-layout-flow\">\n<p><\/p>\n<\/div><\/div>\n\n\n\n<div style=\"height:20px\" aria-hidden=\"true\" class=\"wp-block-spacer\"><\/div>\n\n\n\n<p class=\"has-text-align-center has-medium-font-size\">Na Abacus, estamos comprometidos em fornecer aos nossos alunos um ambiente de aprendizado enriquecedor e de suporte que promova a excel\u00eancia acad\u00eamica e o crescimento pessoal. <\/p>\n\n\n\n<div style=\"height:30px\" aria-hidden=\"true\" class=\"wp-block-spacer\"><\/div>\n\n\n\n<div class=\"wp-block-media-text alignwide is-stacked-on-mobile\" style=\"grid-template-columns:40% auto\"><figure class=\"wp-block-media-text__media\"><img decoding=\"async\" width=\"1024\" height=\"683\" src=\"https:\/\/abacus-school.com\/wp-content\/uploads\/2023\/03\/pexels-pixabay-301926-1024x683.jpg\" alt=\"\" class=\"wp-image-47 size-full\" srcset=\"https:\/\/abacus-school.com\/wp-content\/uploads\/2023\/03\/pexels-pixabay-301926-1024x683.jpg 1024w, https:\/\/abacus-school.com\/wp-content\/uploads\/2023\/03\/pexels-pixabay-301926-300x200.jpg 300w, https:\/\/abacus-school.com\/wp-content\/uploads\/2023\/03\/pexels-pixabay-301926-768x512.jpg 768w, https:\/\/abacus-school.com\/wp-content\/uploads\/2023\/03\/pexels-pixabay-301926-1536x1025.jpg 1536w, https:\/\/abacus-school.com\/wp-content\/uploads\/2023\/03\/pexels-pixabay-301926-18x12.jpg 18w, https:\/\/abacus-school.com\/wp-content\/uploads\/2023\/03\/pexels-pixabay-301926.jpg 1920w\" sizes=\"(max-width: 1024px) 100vw, 1024px\" \/><\/figure><div class=\"wp-block-media-text__content\">\n<p class=\"has-text-align-center has-medium-font-size\">Como uma institui\u00e7\u00e3o educacional l\u00edder, acreditamos que toda crian\u00e7a tem potencial para ter sucesso e trabalhamos incansavelmente para ajudar nossos alunos a liberar sua capacidade total.<\/p>\n\n\n\n<p class=\"has-text-align-center has-medium-font-size\">Nossa equipe dedicada de professores altamente qualificados \u00e9 apaixonada por ensinar e est\u00e1 comprometida em fornecer uma educa\u00e7\u00e3o abrangente que nutre a criatividade, o pensamento cr\u00edtico e as habilidades de resolu\u00e7\u00e3o de problemas.<\/p>\n<\/div><\/div>\n\n\n\n<div class=\"wp-block-group alignwide is-layout-constrained wp-block-group-is-layout-constrained\">\n<div style=\"height:30px\" aria-hidden=\"true\" class=\"wp-block-spacer\"><\/div>\n<\/div>\n\n\n\n<div class=\"wp-block-media-text alignwide has-media-on-the-right is-stacked-on-mobile\" style=\"grid-template-columns:auto 40%\"><div class=\"wp-block-media-text__content\">\n<p class=\"has-text-align-center has-medium-font-size\">N\u00f3s nos esfor\u00e7amos para criar um ambiente de aprendizado din\u00e2mico e envolvente que incentive os alunos a explorar e descobrir suas paix\u00f5es, ao mesmo tempo em que cultiva um senso de comunidade e perten\u00e7a.<\/p>\n\n\n\n<p class=\"has-text-align-center has-medium-font-size\">Oferecemos uma vasta gama de programas e actividades que atendem aos diversos interesses e necessidades de nossos alunos, incluindo enriquecimento acad\u00eamico, desportos, m\u00fasica, teatro e servi\u00e7o comunit\u00e1rio. <\/p>\n<\/div><figure class=\"wp-block-media-text__media\"><img decoding=\"async\" width=\"1024\" height=\"683\" src=\"https:\/\/abacus-school.com\/wp-content\/uploads\/2023\/03\/pexels-tima-miroshnichenko-5428002-1024x683.jpg\" alt=\"\" class=\"wp-image-50 size-full\" srcset=\"https:\/\/abacus-school.com\/wp-content\/uploads\/2023\/03\/pexels-tima-miroshnichenko-5428002-1024x683.jpg 1024w, https:\/\/abacus-school.com\/wp-content\/uploads\/2023\/03\/pexels-tima-miroshnichenko-5428002-300x200.jpg 300w, https:\/\/abacus-school.com\/wp-content\/uploads\/2023\/03\/pexels-tima-miroshnichenko-5428002-768x512.jpg 768w\" sizes=\"(max-width: 1024px) 100vw, 1024px\" \/><\/figure><\/div>\n\n\n\n<div style=\"height:30px\" aria-hidden=\"true\" class=\"wp-block-spacer\"><\/div>\n\n\n\n<div class=\"wp-block-media-text alignwide is-stacked-on-mobile\" style=\"grid-template-columns:40% auto\"><figure class=\"wp-block-media-text__media\"><img loading=\"lazy\" decoding=\"async\" width=\"1024\" height=\"683\" src=\"https:\/\/abacus-school.com\/wp-content\/uploads\/2023\/03\/pexels-katerina-holmes-5905924-1024x683.jpg\" alt=\"\" class=\"wp-image-51 size-full\" srcset=\"https:\/\/abacus-school.com\/wp-content\/uploads\/2023\/03\/pexels-katerina-holmes-5905924-1024x683.jpg 1024w, https:\/\/abacus-school.com\/wp-content\/uploads\/2023\/03\/pexels-katerina-holmes-5905924-300x200.jpg 300w, https:\/\/abacus-school.com\/wp-content\/uploads\/2023\/03\/pexels-katerina-holmes-5905924-768x512.jpg 768w\" sizes=\"(max-width: 1024px) 100vw, 1024px\" \/><\/figure><div class=\"wp-block-media-text__content\">\n<p class=\"has-text-align-center has-medium-font-size\">Nosso curr\u00edculo \u00e9 projectado para desafiar e inspirar os alunos, ao mesmo tempo em que fornece a eles o conhecimento e as habilidades fundamentais de que precisam para ter sucesso em suas futuras atividades acad\u00eamicas e profissionais.<\/p>\n\n\n\n<p class=\"has-text-align-center has-medium-font-size\">Estamos orgulhosos de nossa escola e das conquistas de nossos alunos, e convidamos voc\u00ea a explorar nosso site para saber mais sobre a nossa comunidade escolar. <\/p>\n<\/div><\/div>\n\n\n\n<p class=\"has-text-align-center has-medium-font-size\">Obrigado pelo seu interesse na Abacus School e esperamos receber not\u00edcias suas em breve.<\/p>\n\n\n\n<div class=\"wp-block-group alignfull has-text-color has-background is-layout-constrained wp-block-group-is-layout-constrained\" style=\"color:#000000;background-color:#ffffff\">\n<p class=\"has-text-align-center has-black-color has-text-color has-medium-font-size\" style=\"line-height:.9\"><strong>ENTRE EM CONTACTO<\/strong><\/p>\n\n\n\n<h2 class=\"wp-block-heading has-text-align-center has-black-color has-text-color\" id=\"schedule-a-visit\" style=\"font-size:clamp(32.969px, 2.061rem + ((1vw - 3.2px) * 2.034), 59px);px;line-height:1.15\"><strong>Agenda uma Visita<\/strong><\/h2>\n\n\n\n<div class=\"wp-block-buttons is-horizontal is-content-justification-center is-layout-flex wp-container-core-buttons-is-layout-03627597 wp-block-buttons-is-layout-flex\">\n<div class=\"wp-block-button has-custom-width wp-block-button__width-50 is-style-fill\"><a class=\"wp-block-button__link has-black-color has-white-background-color has-text-color has-background wp-element-button\" href=\"https:\/\/abacus-school.com\/pt\/contact-us\/\" style=\"border-radius:50px\">Contacte-nos<\/a><\/div>\n<\/div>\n<\/div>","protected":false},"excerpt":{"rendered":"<p>Welcome to Abacus School Website! At Abacus, we are committed to providing our students with an enriching and supportive learning environment that fosters academic excellence and personal growth. As a leading educational institution, we believe that every child has the potential to succeed and we work tirelessly to help our students unlock their full capacity. [&hellip;]<\/p>\n","protected":false},"author":1,"featured_media":0,"parent":0,"menu_order":0,"comment_status":"closed","ping_status":"open","template":"","meta":{"footnotes":""},"class_list":["post-2","page","type-page","status-publish","hentry"],"blocksy_meta":[],"yoast_head":"<!-- This site is optimized with the Yoast SEO plugin v27.4 - https:\/\/yoast.com\/product\/yoast-seo-wordpress\/ -->\n<title>Home old - Abacus School<\/title>\n<meta name=\"robots\" content=\"index, follow, max-snippet:-1, max-image-preview:large, max-video-preview:-1\" \/>\n<link rel=\"canonical\" href=\"https:\/\/abacus-school.com\/pt\/sample-page\/\" \/>\n<meta property=\"og:locale\" content=\"pt_PT\" \/>\n<meta property=\"og:type\" content=\"article\" \/>\n<meta property=\"og:title\" content=\"Home old - Abacus School\" \/>\n<meta property=\"og:description\" content=\"Welcome to Abacus School Website! At Abacus, we are committed to providing our students with an enriching and supportive learning environment that fosters academic excellence and personal growth. As a leading educational institution, we believe that every child has the potential to succeed and we work tirelessly to help our students unlock their full capacity. [&hellip;]\" \/>\n<meta property=\"og:url\" content=\"https:\/\/abacus-school.com\/pt\/sample-page\/\" \/>\n<meta property=\"og:site_name\" content=\"Abacus School\" \/>\n<meta property=\"article:modified_time\" content=\"2024-11-18T12:29:39+00:00\" \/>\n<meta property=\"og:image\" content=\"https:\/\/abacus-school.com\/wp-content\/uploads\/2023\/03\/cropped-abacus-kid-1200px.png\" \/>\n\t<meta property=\"og:image:width\" content=\"1200\" \/>\n\t<meta property=\"og:image:height\" content=\"624\" \/>\n\t<meta property=\"og:image:type\" content=\"image\/png\" \/>\n<meta name=\"twitter:card\" content=\"summary_large_image\" \/>\n<meta name=\"twitter:label1\" content=\"Tempo estimado de leitura\" \/>\n\t<meta name=\"twitter:data1\" content=\"2 minutos\" \/>\n<script type=\"application\/ld+json\" class=\"yoast-schema-graph\">{\"@context\":\"https:\\\/\\\/schema.org\",\"@graph\":[{\"@type\":\"WebPage\",\"@id\":\"https:\\\/\\\/abacus-school.com\\\/sample-page\\\/\",\"url\":\"https:\\\/\\\/abacus-school.com\\\/sample-page\\\/\",\"name\":\"Home old - Abacus School\",\"isPartOf\":{\"@id\":\"https:\\\/\\\/abacus-school.com\\\/#website\"},\"primaryImageOfPage\":{\"@id\":\"https:\\\/\\\/abacus-school.com\\\/sample-page\\\/#primaryimage\"},\"image\":{\"@id\":\"https:\\\/\\\/abacus-school.com\\\/sample-page\\\/#primaryimage\"},\"thumbnailUrl\":\"https:\\\/\\\/abacus-school.com\\\/wp-content\\\/uploads\\\/2023\\\/03\\\/cropped-abacus-kid-1200px.png\",\"datePublished\":\"2023-03-26T22:17:01+00:00\",\"dateModified\":\"2024-11-18T12:29:39+00:00\",\"breadcrumb\":{\"@id\":\"https:\\\/\\\/abacus-school.com\\\/sample-page\\\/#breadcrumb\"},\"inLanguage\":\"pt-PT\",\"potentialAction\":[{\"@type\":\"ReadAction\",\"target\":[\"https:\\\/\\\/abacus-school.com\\\/sample-page\\\/\"]}]},{\"@type\":\"ImageObject\",\"inLanguage\":\"pt-PT\",\"@id\":\"https:\\\/\\\/abacus-school.com\\\/sample-page\\\/#primaryimage\",\"url\":\"https:\\\/\\\/abacus-school.com\\\/wp-content\\\/uploads\\\/2023\\\/03\\\/cropped-abacus-kid-1200px.png\",\"contentUrl\":\"https:\\\/\\\/abacus-school.com\\\/wp-content\\\/uploads\\\/2023\\\/03\\\/cropped-abacus-kid-1200px.png\"},{\"@type\":\"BreadcrumbList\",\"@id\":\"https:\\\/\\\/abacus-school.com\\\/sample-page\\\/#breadcrumb\",\"itemListElement\":[{\"@type\":\"ListItem\",\"position\":1,\"name\":\"Home\",\"item\":\"https:\\\/\\\/abacus-school.com\\\/\"},{\"@type\":\"ListItem\",\"position\":2,\"name\":\"Home old\"}]},{\"@type\":\"WebSite\",\"@id\":\"https:\\\/\\\/abacus-school.com\\\/#website\",\"url\":\"https:\\\/\\\/abacus-school.com\\\/\",\"name\":\"Abacus School\",\"description\":\"Abacus School Maputo\",\"publisher\":{\"@id\":\"https:\\\/\\\/abacus-school.com\\\/#organization\"},\"potentialAction\":[{\"@type\":\"SearchAction\",\"target\":{\"@type\":\"EntryPoint\",\"urlTemplate\":\"https:\\\/\\\/abacus-school.com\\\/?s={search_term_string}\"},\"query-input\":{\"@type\":\"PropertyValueSpecification\",\"valueRequired\":true,\"valueName\":\"search_term_string\"}}],\"inLanguage\":\"pt-PT\"},{\"@type\":\"Organization\",\"@id\":\"https:\\\/\\\/abacus-school.com\\\/#organization\",\"name\":\"Abacus School\",\"url\":\"https:\\\/\\\/abacus-school.com\\\/\",\"logo\":{\"@type\":\"ImageObject\",\"inLanguage\":\"pt-PT\",\"@id\":\"https:\\\/\\\/abacus-school.com\\\/#\\\/schema\\\/logo\\\/image\\\/\",\"url\":\"https:\\\/\\\/abacus-school.com\\\/wp-content\\\/uploads\\\/2024\\\/11\\\/Abacus-companyLogo-small-1.png\",\"contentUrl\":\"https:\\\/\\\/abacus-school.com\\\/wp-content\\\/uploads\\\/2024\\\/11\\\/Abacus-companyLogo-small-1.png\",\"width\":107,\"height\":120,\"caption\":\"Abacus School\"},\"image\":{\"@id\":\"https:\\\/\\\/abacus-school.com\\\/#\\\/schema\\\/logo\\\/image\\\/\"}}]}<\/script>\n<!-- \/ Yoast SEO plugin. -->","yoast_head_json":{"title":"Home old - Abacus School","robots":{"index":"index","follow":"follow","max-snippet":"max-snippet:-1","max-image-preview":"max-image-preview:large","max-video-preview":"max-video-preview:-1"},"canonical":"https:\/\/abacus-school.com\/pt\/sample-page\/","og_locale":"pt_PT","og_type":"article","og_title":"Home old - Abacus School","og_description":"Welcome to Abacus School Website! At Abacus, we are committed to providing our students with an enriching and supportive learning environment that fosters academic excellence and personal growth. As a leading educational institution, we believe that every child has the potential to succeed and we work tirelessly to help our students unlock their full capacity. [&hellip;]","og_url":"https:\/\/abacus-school.com\/pt\/sample-page\/","og_site_name":"Abacus School","article_modified_time":"2024-11-18T12:29:39+00:00","og_image":[{"width":1200,"height":624,"url":"https:\/\/abacus-school.com\/wp-content\/uploads\/2023\/03\/cropped-abacus-kid-1200px.png","type":"image\/png"}],"twitter_card":"summary_large_image","twitter_misc":{"Tempo estimado de leitura":"2 minutos"},"schema":{"@context":"https:\/\/schema.org","@graph":[{"@type":"WebPage","@id":"https:\/\/abacus-school.com\/sample-page\/","url":"https:\/\/abacus-school.com\/sample-page\/","name":"Home old - Abacus School","isPartOf":{"@id":"https:\/\/abacus-school.com\/#website"},"primaryImageOfPage":{"@id":"https:\/\/abacus-school.com\/sample-page\/#primaryimage"},"image":{"@id":"https:\/\/abacus-school.com\/sample-page\/#primaryimage"},"thumbnailUrl":"https:\/\/abacus-school.com\/wp-content\/uploads\/2023\/03\/cropped-abacus-kid-1200px.png","datePublished":"2023-03-26T22:17:01+00:00","dateModified":"2024-11-18T12:29:39+00:00","breadcrumb":{"@id":"https:\/\/abacus-school.com\/sample-page\/#breadcrumb"},"inLanguage":"pt-PT","potentialAction":[{"@type":"ReadAction","target":["https:\/\/abacus-school.com\/sample-page\/"]}]},{"@type":"ImageObject","inLanguage":"pt-PT","@id":"https:\/\/abacus-school.com\/sample-page\/#primaryimage","url":"https:\/\/abacus-school.com\/wp-content\/uploads\/2023\/03\/cropped-abacus-kid-1200px.png","contentUrl":"https:\/\/abacus-school.com\/wp-content\/uploads\/2023\/03\/cropped-abacus-kid-1200px.png"},{"@type":"BreadcrumbList","@id":"https:\/\/abacus-school.com\/sample-page\/#breadcrumb","itemListElement":[{"@type":"ListItem","position":1,"name":"Home","item":"https:\/\/abacus-school.com\/"},{"@type":"ListItem","position":2,"name":"Home old"}]},{"@type":"WebSite","@id":"https:\/\/abacus-school.com\/#website","url":"https:\/\/abacus-school.com\/","name":"Abacus School","description":"Abacus School Maputo","publisher":{"@id":"https:\/\/abacus-school.com\/#organization"},"potentialAction":[{"@type":"SearchAction","target":{"@type":"EntryPoint","urlTemplate":"https:\/\/abacus-school.com\/?s={search_term_string}"},"query-input":{"@type":"PropertyValueSpecification","valueRequired":true,"valueName":"search_term_string"}}],"inLanguage":"pt-PT"},{"@type":"Organization","@id":"https:\/\/abacus-school.com\/#organization","name":"Abacus School","url":"https:\/\/abacus-school.com\/","logo":{"@type":"ImageObject","inLanguage":"pt-PT","@id":"https:\/\/abacus-school.com\/#\/schema\/logo\/image\/","url":"https:\/\/abacus-school.com\/wp-content\/uploads\/2024\/11\/Abacus-companyLogo-small-1.png","contentUrl":"https:\/\/abacus-school.com\/wp-content\/uploads\/2024\/11\/Abacus-companyLogo-small-1.png","width":107,"height":120,"caption":"Abacus School"},"image":{"@id":"https:\/\/abacus-school.com\/#\/schema\/logo\/image\/"}}]}},"_links":{"self":[{"href":"https:\/\/abacus-school.com\/pt\/wp-json\/wp\/v2\/pages\/2","targetHints":{"allow":["GET"]}}],"collection":[{"href":"https:\/\/abacus-school.com\/pt\/wp-json\/wp\/v2\/pages"}],"about":[{"href":"https:\/\/abacus-school.com\/pt\/wp-json\/wp\/v2\/types\/page"}],"author":[{"embeddable":true,"href":"https:\/\/abacus-school.com\/pt\/wp-json\/wp\/v2\/users\/1"}],"replies":[{"embeddable":true,"href":"https:\/\/abacus-school.com\/pt\/wp-json\/wp\/v2\/comments?post=2"}],"version-history":[{"count":15,"href":"https:\/\/abacus-school.com\/pt\/wp-json\/wp\/v2\/pages\/2\/revisions"}],"predecessor-version":[{"id":394,"href":"https:\/\/abacus-school.com\/pt\/wp-json\/wp\/v2\/pages\/2\/revisions\/394"}],"wp:attachment":[{"href":"https:\/\/abacus-school.com\/pt\/wp-json\/wp\/v2\/media?parent=2"}],"curies":[{"name":"wp","href":"https:\/\/api.w.org\/{rel}","templated":true}]}}