{"id":26,"date":"2023-03-27T00:08:09","date_gmt":"2023-03-27T00:08:09","guid":{"rendered":"https:\/\/abacus-school.com\/?page_id=26"},"modified":"2023-04-06T22:17:40","modified_gmt":"2023-04-06T22:17:40","slug":"school","status":"publish","type":"page","link":"https:\/\/abacus-school.com\/pt\/school\/","title":{"rendered":"Escola"},"content":{"rendered":"<div style=\"height:20px\" aria-hidden=\"true\" class=\"wp-block-spacer\"><\/div>\n\n\n\n<h3 class=\"wp-block-heading has-vivid-cyan-blue-color has-text-color\"><strong>A Nossa Miss\u00e3o<\/strong><\/h3>\n\n\n\n<p>Lutar pela excel\u00eancia na educa\u00e7\u00e3o, proporcionando programas de aprendizagem diferenciados num ambiente seguro, permitindo aos alunos fazer uma mudan\u00e7a positiva na sua comunidade e realizar o seu potencial.<\/p>\n\n\n\n<div style=\"height:30px\" aria-hidden=\"true\" class=\"wp-block-spacer\"><\/div>\n\n\n\n<h3 class=\"wp-block-heading has-luminous-vivid-amber-color has-text-color\"><strong>Os Nossos Valores<\/strong><\/h3>\n\n\n\n<p><strong>Respeito<\/strong> - educado e atencioso ao lidar com os outros<\/p>\n\n\n\n<blockquote class=\"wp-block-quote is-layout-flow wp-block-quote-is-layout-flow\">\n<p>Eu trato os outros da maneira que eu gostaria de ser tratado<\/p>\n\n\n\n<p>Eu ou\u00e7o quando os outros falam<\/p>\n\n\n\n<p>Eu uso boas maneiras<\/p>\n<\/blockquote>\n\n\n\n<p><strong>Honestidade <\/strong>\u2013 Ser verdadeiro e leal a si mesmo e aos outros<\/p>\n\n\n\n<blockquote class=\"wp-block-quote is-layout-flow wp-block-quote-is-layout-flow\">\n<p>Eu n\u00e3o minto, roubo ou engano de forma alguma.<\/p>\n\n\n\n<p>Sou confi\u00e1vel e sincero<\/p>\n\n\n\n<p>Sou justo no tratamento dos outros<\/p>\n<\/blockquote>\n\n\n\n<p><strong>Integridade<\/strong>- consistente em palavras e ac\u00e7\u00f5es<\/p>\n\n\n\n<blockquote class=\"wp-block-quote is-layout-flow wp-block-quote-is-layout-flow\">\n<p>Eu fa\u00e7o o que eu digo que vou fazer<\/p>\n\n\n\n<p>Sou honesto e confi\u00e1vel<\/p>\n\n\n\n<p>Assumo a responsabilidade pelas minhas a\u00e7\u00f5es<\/p>\n<\/blockquote>\n\n\n\n<p><strong>Perseveran\u00e7a<\/strong> - Nunca desista<\/p>\n\n\n\n<blockquote class=\"wp-block-quote is-layout-flow wp-block-quote-is-layout-flow\">\n<p>Termino o que come\u00e7o<\/p>\n\n\n\n<p>N\u00e3o tenho medo de falhar, aprendo com isso e continuo.<\/p>\n\n\n\n<p>Eu sou positivo e pe\u00e7o ajuda, se necess\u00e1rio.<\/p>\n<\/blockquote>\n\n\n\n<p><strong>Excel\u00eancia <\/strong>\u2013 Esfor\u00e7ar-se para ser o melhor que se pode ser e maximizar o seu potencial.<\/p>\n\n\n\n<blockquote class=\"wp-block-quote is-layout-flow wp-block-quote-is-layout-flow\">\n<p>Dou o meu melhor em tudo o que fa\u00e7o.<\/p>\n\n\n\n<p>Foco na aprendizagem e melhoria cont\u00ednua<\/p>\n\n\n\n<p>Eu escolho em me esmerar apesar do n\u00edvel de dificuldade<\/p>\n<\/blockquote>","protected":false},"excerpt":{"rendered":"<p>Our Mission To strive for excellence in education by providing differentiated, learning programs in a secure environment, enabling the students to make a positive change in their community and fulfill their potential. Our Values Respect &#8211; polite and thoughtful in dealing with others I treat others the way I would like to be treated I [&hellip;]<\/p>\n","protected":false},"author":1,"featured_media":0,"parent":0,"menu_order":0,"comment_status":"closed","ping_status":"closed","template":"","meta":{"footnotes":""},"class_list":["post-26","page","type-page","status-publish","hentry"],"blocksy_meta":[],"yoast_head":"<!-- This site is optimized with the Yoast SEO plugin v27.4 - https:\/\/yoast.com\/product\/yoast-seo-wordpress\/ -->\n<title>School - Abacus School<\/title>\n<meta name=\"robots\" content=\"index, follow, max-snippet:-1, max-image-preview:large, max-video-preview:-1\" \/>\n<link rel=\"canonical\" href=\"https:\/\/abacus-school.com\/pt\/school\/\" \/>\n<meta property=\"og:locale\" content=\"pt_PT\" \/>\n<meta property=\"og:type\" content=\"article\" \/>\n<meta property=\"og:title\" content=\"School - Abacus School\" \/>\n<meta property=\"og:description\" content=\"Our Mission To strive for excellence in education by providing differentiated, learning programs in a secure environment, enabling the students to make a positive change in their community and fulfill their potential. Our Values Respect &#8211; polite and thoughtful in dealing with others I treat others the way I would like to be treated I [&hellip;]\" \/>\n<meta property=\"og:url\" content=\"https:\/\/abacus-school.com\/pt\/school\/\" \/>\n<meta property=\"og:site_name\" content=\"Abacus School\" \/>\n<meta property=\"article:modified_time\" content=\"2023-04-06T22:17:40+00:00\" \/>\n<meta name=\"twitter:card\" content=\"summary_large_image\" \/>\n<meta name=\"twitter:label1\" content=\"Tempo estimado de leitura\" \/>\n\t<meta name=\"twitter:data1\" content=\"1 minuto\" \/>\n<script type=\"application\/ld+json\" class=\"yoast-schema-graph\">{\"@context\":\"https:\\\/\\\/schema.org\",\"@graph\":[{\"@type\":\"WebPage\",\"@id\":\"https:\\\/\\\/abacus-school.com\\\/school\\\/\",\"url\":\"https:\\\/\\\/abacus-school.com\\\/school\\\/\",\"name\":\"School - Abacus School\",\"isPartOf\":{\"@id\":\"https:\\\/\\\/abacus-school.com\\\/#website\"},\"datePublished\":\"2023-03-27T00:08:09+00:00\",\"dateModified\":\"2023-04-06T22:17:40+00:00\",\"breadcrumb\":{\"@id\":\"https:\\\/\\\/abacus-school.com\\\/school\\\/#breadcrumb\"},\"inLanguage\":\"pt-PT\",\"potentialAction\":[{\"@type\":\"ReadAction\",\"target\":[\"https:\\\/\\\/abacus-school.com\\\/school\\\/\"]}]},{\"@type\":\"BreadcrumbList\",\"@id\":\"https:\\\/\\\/abacus-school.com\\\/school\\\/#breadcrumb\",\"itemListElement\":[{\"@type\":\"ListItem\",\"position\":1,\"name\":\"Home\",\"item\":\"https:\\\/\\\/abacus-school.com\\\/\"},{\"@type\":\"ListItem\",\"position\":2,\"name\":\"School\"}]},{\"@type\":\"WebSite\",\"@id\":\"https:\\\/\\\/abacus-school.com\\\/#website\",\"url\":\"https:\\\/\\\/abacus-school.com\\\/\",\"name\":\"Abacus School\",\"description\":\"Abacus School Maputo\",\"publisher\":{\"@id\":\"https:\\\/\\\/abacus-school.com\\\/#organization\"},\"potentialAction\":[{\"@type\":\"SearchAction\",\"target\":{\"@type\":\"EntryPoint\",\"urlTemplate\":\"https:\\\/\\\/abacus-school.com\\\/?s={search_term_string}\"},\"query-input\":{\"@type\":\"PropertyValueSpecification\",\"valueRequired\":true,\"valueName\":\"search_term_string\"}}],\"inLanguage\":\"pt-PT\"},{\"@type\":\"Organization\",\"@id\":\"https:\\\/\\\/abacus-school.com\\\/#organization\",\"name\":\"Abacus School\",\"url\":\"https:\\\/\\\/abacus-school.com\\\/\",\"logo\":{\"@type\":\"ImageObject\",\"inLanguage\":\"pt-PT\",\"@id\":\"https:\\\/\\\/abacus-school.com\\\/#\\\/schema\\\/logo\\\/image\\\/\",\"url\":\"https:\\\/\\\/abacus-school.com\\\/wp-content\\\/uploads\\\/2024\\\/11\\\/Abacus-companyLogo-small-1.png\",\"contentUrl\":\"https:\\\/\\\/abacus-school.com\\\/wp-content\\\/uploads\\\/2024\\\/11\\\/Abacus-companyLogo-small-1.png\",\"width\":107,\"height\":120,\"caption\":\"Abacus School\"},\"image\":{\"@id\":\"https:\\\/\\\/abacus-school.com\\\/#\\\/schema\\\/logo\\\/image\\\/\"}}]}<\/script>\n<!-- \/ Yoast SEO plugin. -->","yoast_head_json":{"title":"School - Abacus School","robots":{"index":"index","follow":"follow","max-snippet":"max-snippet:-1","max-image-preview":"max-image-preview:large","max-video-preview":"max-video-preview:-1"},"canonical":"https:\/\/abacus-school.com\/pt\/school\/","og_locale":"pt_PT","og_type":"article","og_title":"School - Abacus School","og_description":"Our Mission To strive for excellence in education by providing differentiated, learning programs in a secure environment, enabling the students to make a positive change in their community and fulfill their potential. Our Values Respect &#8211; polite and thoughtful in dealing with others I treat others the way I would like to be treated I [&hellip;]","og_url":"https:\/\/abacus-school.com\/pt\/school\/","og_site_name":"Abacus School","article_modified_time":"2023-04-06T22:17:40+00:00","twitter_card":"summary_large_image","twitter_misc":{"Tempo estimado de leitura":"1 minuto"},"schema":{"@context":"https:\/\/schema.org","@graph":[{"@type":"WebPage","@id":"https:\/\/abacus-school.com\/school\/","url":"https:\/\/abacus-school.com\/school\/","name":"School - Abacus School","isPartOf":{"@id":"https:\/\/abacus-school.com\/#website"},"datePublished":"2023-03-27T00:08:09+00:00","dateModified":"2023-04-06T22:17:40+00:00","breadcrumb":{"@id":"https:\/\/abacus-school.com\/school\/#breadcrumb"},"inLanguage":"pt-PT","potentialAction":[{"@type":"ReadAction","target":["https:\/\/abacus-school.com\/school\/"]}]},{"@type":"BreadcrumbList","@id":"https:\/\/abacus-school.com\/school\/#breadcrumb","itemListElement":[{"@type":"ListItem","position":1,"name":"Home","item":"https:\/\/abacus-school.com\/"},{"@type":"ListItem","position":2,"name":"School"}]},{"@type":"WebSite","@id":"https:\/\/abacus-school.com\/#website","url":"https:\/\/abacus-school.com\/","name":"Abacus School","description":"Abacus School Maputo","publisher":{"@id":"https:\/\/abacus-school.com\/#organization"},"potentialAction":[{"@type":"SearchAction","target":{"@type":"EntryPoint","urlTemplate":"https:\/\/abacus-school.com\/?s={search_term_string}"},"query-input":{"@type":"PropertyValueSpecification","valueRequired":true,"valueName":"search_term_string"}}],"inLanguage":"pt-PT"},{"@type":"Organization","@id":"https:\/\/abacus-school.com\/#organization","name":"Abacus School","url":"https:\/\/abacus-school.com\/","logo":{"@type":"ImageObject","inLanguage":"pt-PT","@id":"https:\/\/abacus-school.com\/#\/schema\/logo\/image\/","url":"https:\/\/abacus-school.com\/wp-content\/uploads\/2024\/11\/Abacus-companyLogo-small-1.png","contentUrl":"https:\/\/abacus-school.com\/wp-content\/uploads\/2024\/11\/Abacus-companyLogo-small-1.png","width":107,"height":120,"caption":"Abacus School"},"image":{"@id":"https:\/\/abacus-school.com\/#\/schema\/logo\/image\/"}}]}},"_links":{"self":[{"href":"https:\/\/abacus-school.com\/pt\/wp-json\/wp\/v2\/pages\/26","targetHints":{"allow":["GET"]}}],"collection":[{"href":"https:\/\/abacus-school.com\/pt\/wp-json\/wp\/v2\/pages"}],"about":[{"href":"https:\/\/abacus-school.com\/pt\/wp-json\/wp\/v2\/types\/page"}],"author":[{"embeddable":true,"href":"https:\/\/abacus-school.com\/pt\/wp-json\/wp\/v2\/users\/1"}],"replies":[{"embeddable":true,"href":"https:\/\/abacus-school.com\/pt\/wp-json\/wp\/v2\/comments?post=26"}],"version-history":[{"count":8,"href":"https:\/\/abacus-school.com\/pt\/wp-json\/wp\/v2\/pages\/26\/revisions"}],"predecessor-version":[{"id":156,"href":"https:\/\/abacus-school.com\/pt\/wp-json\/wp\/v2\/pages\/26\/revisions\/156"}],"wp:attachment":[{"href":"https:\/\/abacus-school.com\/pt\/wp-json\/wp\/v2\/media?parent=26"}],"curies":[{"name":"wp","href":"https:\/\/api.w.org\/{rel}","templated":true}]}}