{"id":82,"date":"2023-04-06T11:34:16","date_gmt":"2023-04-06T11:34:16","guid":{"rendered":"https:\/\/abacus-school.com\/?page_id=82"},"modified":"2023-04-06T22:28:45","modified_gmt":"2023-04-06T22:28:45","slug":"curriculum","status":"publish","type":"page","link":"https:\/\/abacus-school.com\/pt\/curriculum\/","title":{"rendered":"Curriculo"},"content":{"rendered":"<div style=\"height:19px\" aria-hidden=\"true\" class=\"wp-block-spacer\"><\/div>\n\n\n\n<h2 class=\"wp-block-heading has-vivid-cyan-blue-color has-text-color has-large-font-size\">Curr\u00edculo Sul-Africano<\/h2>\n\n\n\n<div class=\"wp-block-columns is-layout-flex wp-container-core-columns-is-layout-28f84493 wp-block-columns-is-layout-flex\">\n<div class=\"wp-block-column is-layout-flow wp-block-column-is-layout-flow\" style=\"flex-basis:66.66%\">\n<p class=\"has-black-color has-text-color has-medium-font-size\">O Curr\u00edculo Sul-Africano \u00e9 uma estrutura abrangente para a educa\u00e7\u00e3o que abrange todos os n\u00edveis de escolaridade, desde o desenvolvimento Infantil da primeira at\u00e9 o ensino superior. O Curr\u00edculo \u00e9 projetado para fornecer uma educa\u00e7\u00e3o equilibrada que prepara os alunos para os desafios acad\u00eamicos e pr\u00e1ticos.<\/p>\n<\/div>\n\n\n\n<div class=\"wp-block-column is-layout-flow wp-block-column-is-layout-flow\" style=\"flex-basis:33.33%\">\n<figure class=\"wp-block-image aligncenter size-full is-resized\"><img decoding=\"async\" src=\"https:\/\/abacus-school.com\/wp-content\/uploads\/2023\/04\/flag-south-africa.png\" alt=\"\" class=\"wp-image-85\" width=\"165\" height=\"110\" srcset=\"https:\/\/abacus-school.com\/wp-content\/uploads\/2023\/04\/flag-south-africa.png 400w, https:\/\/abacus-school.com\/wp-content\/uploads\/2023\/04\/flag-south-africa-300x200.png 300w, https:\/\/abacus-school.com\/wp-content\/uploads\/2023\/04\/flag-south-africa-18x12.png 18w\" sizes=\"(max-width: 165px) 100vw, 165px\" \/><\/figure>\n<\/div>\n<\/div>\n\n\n\n<p style=\"font-size:clamp(14px, 0.875rem + ((1vw - 3.2px) * 0.313), 18px);\">O Curr\u00edculo Sul-Africano \u00e9 dividido em tr\u00eas fases: Fase de Funda\u00e7\u00e3o, Fase Intermedi\u00e1ria e Fase S\u00eanior. A Fase de Funda\u00e7\u00e3o abrange Grades R a 3 e \u00e9 focada no desenvolvimento de habilidades b\u00e1sicas, como leitura, escrita e numeramento. A Fase Intermedi\u00e1ria abrange as s\u00e9ries 4 a 6 e se baseia nas habilidades b\u00e1sicas aprendidas na fase anterior, ao mesmo tempo em que introduz assuntos mais complexos, como ci\u00eancias naturais, ci\u00eancias sociais e tecnologia. A Fase S\u00eanior abrange as s\u00e9ries 7 a 9 e prepara os alunos para a fase final da escolaridade e al\u00e9m.<\/p>\n\n\n\n<p style=\"font-size:clamp(14px, 0.875rem + ((1vw - 3.2px) * 0.313), 18px);\">No final da Fase S\u00e9nior, os alunos podem escolher entre dois percursos: o percurso acad\u00e9mico, que prepara os alunos para o ensino superior, ou o percurso t\u00e9cnico e profissional, que prepara os alunos para a forma\u00e7\u00e3o profissional ou para o emprego inicial.<\/p>\n\n\n\n<p style=\"font-size:clamp(14px, 0.875rem + ((1vw - 3.2px) * 0.313), 18px);\">O caminho acad\u00eamico culmina no exame National Senior Certificate (NSC), que \u00e9 um teste padronizado que avalia o conhecimento e as habilidades dos alunos em v\u00e1rios assuntos. O NSC \u00e9 equivalente a outras qualifica\u00e7\u00f5es internacionais, como o General Certificate of Education (GCE) e o International Baccalaureate (IB).<\/p>\n\n\n\n<p style=\"font-size:clamp(14px, 0.875rem + ((1vw - 3.2px) * 0.313), 18px);\">O caminho t\u00e9cnico e vocacional inclui uma s\u00e9rie de qualifica\u00e7\u00f5es vocacionais, como o National Certificate Vocational (NCV), que fornece aos alunos habilidades pr\u00e1ticas em um com\u00e9rcio ou ind\u00fastria espec\u00edfica. Essas qualifica\u00e7\u00f5es s\u00e3o projetadas para preparar os alunos para o emprego ou treinamento adicional no campo relevante.<\/p>\n\n\n\n<p style=\"font-size:clamp(14px, 0.875rem + ((1vw - 3.2px) * 0.313), 18px);\">O Curr\u00edculo Sul-Africano tamb\u00e9m enfatiza a import\u00e2ncia de desenvolver indiv\u00edduos completos que sejam capazes de contribuir para a sociedade. Como tal, inclui um leque de disciplinas como a orienta\u00e7\u00e3o para a vida, que abrange temas como o desenvolvimento pessoal, a sa\u00fade e a educa\u00e7\u00e3o c\u00edvica, e as artes e cultura, que engloba disciplinas como as artes visuais, a m\u00fasica e a dan\u00e7a.<\/p>\n\n\n\n<p style=\"font-size:clamp(14px, 0.875rem + ((1vw - 3.2px) * 0.313), 18px);\">Al\u00e9m disso, o Curr\u00edculo Sul-Africano enfatiza fortemente a inclus\u00e3o e a diversidade. Isso se reflete na inclus\u00e3o de assuntos como idiomas, que incluem todos os 11 idiomas oficiais da \u00c1frica do Sul, e ci\u00eancias sociais, que abrangem t\u00f3picos como hist\u00f3ria e geografia de uma perspectiva sul-africana.<\/p>\n\n\n\n<p style=\"font-size:clamp(14px, 0.875rem + ((1vw - 3.2px) * 0.313), 18px);\">No geral, o Curr\u00edculo Sul-Africano \u00e9 projetado para fornecer aos alunos uma educa\u00e7\u00e3o abrangente que os prepara para os desafios do mundo moderno. Ele enfatiza a import\u00e2ncia de desenvolver habilidades acad\u00eamicas e pr\u00e1ticas, ao mesmo tempo em que promove a inclus\u00e3o e a diversidade.<\/p>\n\n\n\n<p style=\"font-size:clamp(14px, 0.875rem + ((1vw - 3.2px) * 0.313), 18px);\"><\/p>","protected":false},"excerpt":{"rendered":"<p>South African Curriculum The South African curriculum is a comprehensive framework for education that covers all levels of schooling, from early childhood development to tertiary education. The curriculum is designed to provide a balanced education that prepares students for both academic and practical challenges. The South African curriculum is divided into three phases: the Foundation [&hellip;]<\/p>\n","protected":false},"author":1,"featured_media":0,"parent":0,"menu_order":0,"comment_status":"closed","ping_status":"closed","template":"","meta":{"footnotes":""},"class_list":["post-82","page","type-page","status-publish","hentry"],"blocksy_meta":[],"yoast_head":"<!-- This site is optimized with the Yoast SEO plugin v27.4 - https:\/\/yoast.com\/product\/yoast-seo-wordpress\/ -->\n<title>Curriculum - Abacus School<\/title>\n<meta name=\"robots\" content=\"index, follow, max-snippet:-1, max-image-preview:large, max-video-preview:-1\" \/>\n<link rel=\"canonical\" href=\"https:\/\/abacus-school.com\/pt\/curriculum\/\" \/>\n<meta property=\"og:locale\" content=\"pt_PT\" \/>\n<meta property=\"og:type\" content=\"article\" \/>\n<meta property=\"og:title\" content=\"Curriculum - Abacus School\" \/>\n<meta property=\"og:description\" content=\"South African Curriculum The South African curriculum is a comprehensive framework for education that covers all levels of schooling, from early childhood development to tertiary education. The curriculum is designed to provide a balanced education that prepares students for both academic and practical challenges. The South African curriculum is divided into three phases: the Foundation [&hellip;]\" \/>\n<meta property=\"og:url\" content=\"https:\/\/abacus-school.com\/pt\/curriculum\/\" \/>\n<meta property=\"og:site_name\" content=\"Abacus School\" \/>\n<meta property=\"article:modified_time\" content=\"2023-04-06T22:28:45+00:00\" \/>\n<meta property=\"og:image\" content=\"https:\/\/abacus-school.com\/wp-content\/uploads\/2023\/04\/flag-south-africa.png\" \/>\n<meta name=\"twitter:card\" content=\"summary_large_image\" \/>\n<meta name=\"twitter:label1\" content=\"Tempo estimado de leitura\" \/>\n\t<meta name=\"twitter:data1\" content=\"2 minutos\" \/>\n<script type=\"application\/ld+json\" class=\"yoast-schema-graph\">{\"@context\":\"https:\\\/\\\/schema.org\",\"@graph\":[{\"@type\":\"WebPage\",\"@id\":\"https:\\\/\\\/abacus-school.com\\\/curriculum\\\/\",\"url\":\"https:\\\/\\\/abacus-school.com\\\/curriculum\\\/\",\"name\":\"Curriculum - Abacus School\",\"isPartOf\":{\"@id\":\"https:\\\/\\\/abacus-school.com\\\/#website\"},\"primaryImageOfPage\":{\"@id\":\"https:\\\/\\\/abacus-school.com\\\/curriculum\\\/#primaryimage\"},\"image\":{\"@id\":\"https:\\\/\\\/abacus-school.com\\\/curriculum\\\/#primaryimage\"},\"thumbnailUrl\":\"https:\\\/\\\/abacus-school.com\\\/wp-content\\\/uploads\\\/2023\\\/04\\\/flag-south-africa.png\",\"datePublished\":\"2023-04-06T11:34:16+00:00\",\"dateModified\":\"2023-04-06T22:28:45+00:00\",\"breadcrumb\":{\"@id\":\"https:\\\/\\\/abacus-school.com\\\/curriculum\\\/#breadcrumb\"},\"inLanguage\":\"pt-PT\",\"potentialAction\":[{\"@type\":\"ReadAction\",\"target\":[\"https:\\\/\\\/abacus-school.com\\\/curriculum\\\/\"]}]},{\"@type\":\"ImageObject\",\"inLanguage\":\"pt-PT\",\"@id\":\"https:\\\/\\\/abacus-school.com\\\/curriculum\\\/#primaryimage\",\"url\":\"https:\\\/\\\/abacus-school.com\\\/wp-content\\\/uploads\\\/2023\\\/04\\\/flag-south-africa.png\",\"contentUrl\":\"https:\\\/\\\/abacus-school.com\\\/wp-content\\\/uploads\\\/2023\\\/04\\\/flag-south-africa.png\"},{\"@type\":\"BreadcrumbList\",\"@id\":\"https:\\\/\\\/abacus-school.com\\\/curriculum\\\/#breadcrumb\",\"itemListElement\":[{\"@type\":\"ListItem\",\"position\":1,\"name\":\"Home\",\"item\":\"https:\\\/\\\/abacus-school.com\\\/\"},{\"@type\":\"ListItem\",\"position\":2,\"name\":\"Curriculum\"}]},{\"@type\":\"WebSite\",\"@id\":\"https:\\\/\\\/abacus-school.com\\\/#website\",\"url\":\"https:\\\/\\\/abacus-school.com\\\/\",\"name\":\"Abacus School\",\"description\":\"Abacus School Maputo\",\"publisher\":{\"@id\":\"https:\\\/\\\/abacus-school.com\\\/#organization\"},\"potentialAction\":[{\"@type\":\"SearchAction\",\"target\":{\"@type\":\"EntryPoint\",\"urlTemplate\":\"https:\\\/\\\/abacus-school.com\\\/?s={search_term_string}\"},\"query-input\":{\"@type\":\"PropertyValueSpecification\",\"valueRequired\":true,\"valueName\":\"search_term_string\"}}],\"inLanguage\":\"pt-PT\"},{\"@type\":\"Organization\",\"@id\":\"https:\\\/\\\/abacus-school.com\\\/#organization\",\"name\":\"Abacus School\",\"url\":\"https:\\\/\\\/abacus-school.com\\\/\",\"logo\":{\"@type\":\"ImageObject\",\"inLanguage\":\"pt-PT\",\"@id\":\"https:\\\/\\\/abacus-school.com\\\/#\\\/schema\\\/logo\\\/image\\\/\",\"url\":\"https:\\\/\\\/abacus-school.com\\\/wp-content\\\/uploads\\\/2024\\\/11\\\/Abacus-companyLogo-small-1.png\",\"contentUrl\":\"https:\\\/\\\/abacus-school.com\\\/wp-content\\\/uploads\\\/2024\\\/11\\\/Abacus-companyLogo-small-1.png\",\"width\":107,\"height\":120,\"caption\":\"Abacus School\"},\"image\":{\"@id\":\"https:\\\/\\\/abacus-school.com\\\/#\\\/schema\\\/logo\\\/image\\\/\"}}]}<\/script>\n<!-- \/ Yoast SEO plugin. -->","yoast_head_json":{"title":"Curriculum - Abacus School","robots":{"index":"index","follow":"follow","max-snippet":"max-snippet:-1","max-image-preview":"max-image-preview:large","max-video-preview":"max-video-preview:-1"},"canonical":"https:\/\/abacus-school.com\/pt\/curriculum\/","og_locale":"pt_PT","og_type":"article","og_title":"Curriculum - Abacus School","og_description":"South African Curriculum The South African curriculum is a comprehensive framework for education that covers all levels of schooling, from early childhood development to tertiary education. The curriculum is designed to provide a balanced education that prepares students for both academic and practical challenges. The South African curriculum is divided into three phases: the Foundation [&hellip;]","og_url":"https:\/\/abacus-school.com\/pt\/curriculum\/","og_site_name":"Abacus School","article_modified_time":"2023-04-06T22:28:45+00:00","og_image":[{"url":"https:\/\/abacus-school.com\/wp-content\/uploads\/2023\/04\/flag-south-africa.png","type":"","width":"","height":""}],"twitter_card":"summary_large_image","twitter_misc":{"Tempo estimado de leitura":"2 minutos"},"schema":{"@context":"https:\/\/schema.org","@graph":[{"@type":"WebPage","@id":"https:\/\/abacus-school.com\/curriculum\/","url":"https:\/\/abacus-school.com\/curriculum\/","name":"Curriculum - Abacus School","isPartOf":{"@id":"https:\/\/abacus-school.com\/#website"},"primaryImageOfPage":{"@id":"https:\/\/abacus-school.com\/curriculum\/#primaryimage"},"image":{"@id":"https:\/\/abacus-school.com\/curriculum\/#primaryimage"},"thumbnailUrl":"https:\/\/abacus-school.com\/wp-content\/uploads\/2023\/04\/flag-south-africa.png","datePublished":"2023-04-06T11:34:16+00:00","dateModified":"2023-04-06T22:28:45+00:00","breadcrumb":{"@id":"https:\/\/abacus-school.com\/curriculum\/#breadcrumb"},"inLanguage":"pt-PT","potentialAction":[{"@type":"ReadAction","target":["https:\/\/abacus-school.com\/curriculum\/"]}]},{"@type":"ImageObject","inLanguage":"pt-PT","@id":"https:\/\/abacus-school.com\/curriculum\/#primaryimage","url":"https:\/\/abacus-school.com\/wp-content\/uploads\/2023\/04\/flag-south-africa.png","contentUrl":"https:\/\/abacus-school.com\/wp-content\/uploads\/2023\/04\/flag-south-africa.png"},{"@type":"BreadcrumbList","@id":"https:\/\/abacus-school.com\/curriculum\/#breadcrumb","itemListElement":[{"@type":"ListItem","position":1,"name":"Home","item":"https:\/\/abacus-school.com\/"},{"@type":"ListItem","position":2,"name":"Curriculum"}]},{"@type":"WebSite","@id":"https:\/\/abacus-school.com\/#website","url":"https:\/\/abacus-school.com\/","name":"Abacus School","description":"Abacus School Maputo","publisher":{"@id":"https:\/\/abacus-school.com\/#organization"},"potentialAction":[{"@type":"SearchAction","target":{"@type":"EntryPoint","urlTemplate":"https:\/\/abacus-school.com\/?s={search_term_string}"},"query-input":{"@type":"PropertyValueSpecification","valueRequired":true,"valueName":"search_term_string"}}],"inLanguage":"pt-PT"},{"@type":"Organization","@id":"https:\/\/abacus-school.com\/#organization","name":"Abacus School","url":"https:\/\/abacus-school.com\/","logo":{"@type":"ImageObject","inLanguage":"pt-PT","@id":"https:\/\/abacus-school.com\/#\/schema\/logo\/image\/","url":"https:\/\/abacus-school.com\/wp-content\/uploads\/2024\/11\/Abacus-companyLogo-small-1.png","contentUrl":"https:\/\/abacus-school.com\/wp-content\/uploads\/2024\/11\/Abacus-companyLogo-small-1.png","width":107,"height":120,"caption":"Abacus School"},"image":{"@id":"https:\/\/abacus-school.com\/#\/schema\/logo\/image\/"}}]}},"_links":{"self":[{"href":"https:\/\/abacus-school.com\/pt\/wp-json\/wp\/v2\/pages\/82","targetHints":{"allow":["GET"]}}],"collection":[{"href":"https:\/\/abacus-school.com\/pt\/wp-json\/wp\/v2\/pages"}],"about":[{"href":"https:\/\/abacus-school.com\/pt\/wp-json\/wp\/v2\/types\/page"}],"author":[{"embeddable":true,"href":"https:\/\/abacus-school.com\/pt\/wp-json\/wp\/v2\/users\/1"}],"replies":[{"embeddable":true,"href":"https:\/\/abacus-school.com\/pt\/wp-json\/wp\/v2\/comments?post=82"}],"version-history":[{"count":8,"href":"https:\/\/abacus-school.com\/pt\/wp-json\/wp\/v2\/pages\/82\/revisions"}],"predecessor-version":[{"id":161,"href":"https:\/\/abacus-school.com\/pt\/wp-json\/wp\/v2\/pages\/82\/revisions\/161"}],"wp:attachment":[{"href":"https:\/\/abacus-school.com\/pt\/wp-json\/wp\/v2\/media?parent=82"}],"curies":[{"name":"wp","href":"https:\/\/api.w.org\/{rel}","templated":true}]}}