{"id":94,"date":"2023-04-06T13:00:36","date_gmt":"2023-04-06T13:00:36","guid":{"rendered":"https:\/\/abacus-school.com\/?page_id=94"},"modified":"2023-04-07T08:51:27","modified_gmt":"2023-04-07T08:51:27","slug":"admission","status":"publish","type":"page","link":"https:\/\/abacus-school.com\/pt\/admission\/","title":{"rendered":"Admiss\u00e3o"},"content":{"rendered":"<p class=\"has-vivid-cyan-blue-color has-text-color has-large-font-size\"><strong>Admiss\u00e3o do Estudante<\/strong><\/p>\n\n\n\n<p class=\"has-medium-font-size\"><b>Para ser considerado para admiss\u00e3o, os interessados devem preencher o formul\u00e1rio de admiss\u00e3o da escola, que est\u00e1 dispon\u00edvel na escola ou <\/b><a rel=\"noreferrer noopener\" style=\"font-weight: bold;\" href=\"https:\/\/abacus-school.com\/pt\/adminision-form\/\" target=\"_blank\">aqui<\/a> <strong>na pagina web. <\/strong><\/p>\n\n\n\n<p class=\"has-medium-font-size\"><strong>Al\u00e9m do formul\u00e1rio preenchido, os candidatos devem enviar relat\u00f3rios escolares ou hist\u00f3rico escolar, documentos de identifica\u00e7\u00e3o do aluno, fotos recentes e pagamento da taxa de Admiss\u00e3o.<\/strong><\/p>\n\n\n\n<div style=\"height:20px\" aria-hidden=\"true\" class=\"wp-block-spacer\"><\/div>\n\n\n\n<p class=\"has-medium-font-size\">O processo de admiss\u00e3o envolve quatro etapas: <\/p>\n\n\n\n<div style=\"height:20px\" aria-hidden=\"true\" class=\"wp-block-spacer\"><\/div>\n\n\n\n<p class=\"has-medium-font-size\"><strong>Primeira <\/strong>\u2013 Os Pais ou Tutores podem abrir e preencher o formul\u00e1rio de admiss\u00e3o, anexar os documentos necess\u00e1rios e submeter ou no caso de documentos fisicos entreg\u00e1-los na secretaria da escola ou ligar para mais informa\u00e7\u00f5es. <\/p>\n\n\n\n<div style=\"height:20px\" aria-hidden=\"true\" class=\"wp-block-spacer\"><\/div>\n\n\n\n<p class=\"has-medium-font-size\"><strong>Segunda<\/strong> \u2013 Ao chegar \u00e0 escola, os visitantes ser\u00e3o solicitados a preencher um formul\u00e1rio de registro, receber uma apresenta\u00e7\u00e3o da escola e fazer um tour pelas instala\u00e7\u00f5es. <\/p>\n\n\n\n<p class=\"has-medium-font-size\">Todas as reuni\u00f5es com o Director Pedag\u00f3gico ou com os respons\u00e1veis pelas etapas-chave devem ser previamente agendadas,  <a href=\"https:\/\/abacus-school.com\/pt\/contact-us\/\">contacte-nos<\/a>.<\/p>\n\n\n\n<div style=\"height:20px\" aria-hidden=\"true\" class=\"wp-block-spacer\"><\/div>\n\n\n\n<p class=\"has-medium-font-size\"><strong>Terceira<\/strong> \u2013 A escola pode exigir um teste de admiss\u00e3o para avaliar a adequa\u00e7\u00e3o do candidato. Embora a coloca\u00e7\u00e3o de notas possa ser desafiadora devido \u00e0s diferen\u00e7as de forma\u00e7\u00e3o educacional, registros anteriores, testes de admiss\u00e3o e entrevistas podem ser usados no lugar do indicador de idade. A decis\u00e3o final sobre a admiss\u00e3o e coloca\u00e7\u00e3o cabe ao Director Pedag\u00f3gico.<\/p>\n\n\n\n<div style=\"height:30px\" aria-hidden=\"true\" class=\"wp-block-spacer\"><\/div>\n\n\n\n<p class=\"has-medium-font-size\">Por fim, mediante o pagamento da taxa de matr\u00edcula, o aluno receber\u00e1 um uniforme e ser\u00e1 apresentado \u00e0 sua turma ou convidado a iniciar os estudos no dia seguinte na Escola. A escola reserva o direito de recusar candidatos com registros problem\u00e1ticos que n\u00e3o possam ser tratados adequadamente.<\/p>","protected":false},"excerpt":{"rendered":"<p>Student Admission To be considered for admission, interested parties must complete the school&#8217;s admission form, which is available either at the school or here on the website. In addition to the completed form, applicants are required to submit school reports or transcripts, student identification documents, recent photos, and payment of the registration fee. The admission [&hellip;]<\/p>\n","protected":false},"author":1,"featured_media":0,"parent":0,"menu_order":0,"comment_status":"closed","ping_status":"closed","template":"","meta":{"footnotes":""},"class_list":["post-94","page","type-page","status-publish","hentry"],"blocksy_meta":[],"yoast_head":"<!-- This site is optimized with the Yoast SEO plugin v27.4 - https:\/\/yoast.com\/product\/yoast-seo-wordpress\/ -->\n<title>Admission - Abacus School<\/title>\n<meta name=\"robots\" content=\"index, follow, max-snippet:-1, max-image-preview:large, max-video-preview:-1\" \/>\n<link rel=\"canonical\" href=\"https:\/\/abacus-school.com\/pt\/admission\/\" \/>\n<meta property=\"og:locale\" content=\"pt_PT\" \/>\n<meta property=\"og:type\" content=\"article\" \/>\n<meta property=\"og:title\" content=\"Admission - Abacus School\" \/>\n<meta property=\"og:description\" content=\"Student Admission To be considered for admission, interested parties must complete the school&#8217;s admission form, which is available either at the school or here on the website. In addition to the completed form, applicants are required to submit school reports or transcripts, student identification documents, recent photos, and payment of the registration fee. The admission [&hellip;]\" \/>\n<meta property=\"og:url\" content=\"https:\/\/abacus-school.com\/pt\/admission\/\" \/>\n<meta property=\"og:site_name\" content=\"Abacus School\" \/>\n<meta property=\"article:modified_time\" content=\"2023-04-07T08:51:27+00:00\" \/>\n<meta name=\"twitter:card\" content=\"summary_large_image\" \/>\n<meta name=\"twitter:label1\" content=\"Tempo estimado de leitura\" \/>\n\t<meta name=\"twitter:data1\" content=\"1 minuto\" \/>\n<script type=\"application\/ld+json\" class=\"yoast-schema-graph\">{\"@context\":\"https:\\\/\\\/schema.org\",\"@graph\":[{\"@type\":\"WebPage\",\"@id\":\"https:\\\/\\\/abacus-school.com\\\/admission\\\/\",\"url\":\"https:\\\/\\\/abacus-school.com\\\/admission\\\/\",\"name\":\"Admission - Abacus School\",\"isPartOf\":{\"@id\":\"https:\\\/\\\/abacus-school.com\\\/#website\"},\"datePublished\":\"2023-04-06T13:00:36+00:00\",\"dateModified\":\"2023-04-07T08:51:27+00:00\",\"breadcrumb\":{\"@id\":\"https:\\\/\\\/abacus-school.com\\\/admission\\\/#breadcrumb\"},\"inLanguage\":\"pt-PT\",\"potentialAction\":[{\"@type\":\"ReadAction\",\"target\":[\"https:\\\/\\\/abacus-school.com\\\/admission\\\/\"]}]},{\"@type\":\"BreadcrumbList\",\"@id\":\"https:\\\/\\\/abacus-school.com\\\/admission\\\/#breadcrumb\",\"itemListElement\":[{\"@type\":\"ListItem\",\"position\":1,\"name\":\"Home\",\"item\":\"https:\\\/\\\/abacus-school.com\\\/\"},{\"@type\":\"ListItem\",\"position\":2,\"name\":\"Admission\"}]},{\"@type\":\"WebSite\",\"@id\":\"https:\\\/\\\/abacus-school.com\\\/#website\",\"url\":\"https:\\\/\\\/abacus-school.com\\\/\",\"name\":\"Abacus School\",\"description\":\"Abacus School Maputo\",\"publisher\":{\"@id\":\"https:\\\/\\\/abacus-school.com\\\/#organization\"},\"potentialAction\":[{\"@type\":\"SearchAction\",\"target\":{\"@type\":\"EntryPoint\",\"urlTemplate\":\"https:\\\/\\\/abacus-school.com\\\/?s={search_term_string}\"},\"query-input\":{\"@type\":\"PropertyValueSpecification\",\"valueRequired\":true,\"valueName\":\"search_term_string\"}}],\"inLanguage\":\"pt-PT\"},{\"@type\":\"Organization\",\"@id\":\"https:\\\/\\\/abacus-school.com\\\/#organization\",\"name\":\"Abacus School\",\"url\":\"https:\\\/\\\/abacus-school.com\\\/\",\"logo\":{\"@type\":\"ImageObject\",\"inLanguage\":\"pt-PT\",\"@id\":\"https:\\\/\\\/abacus-school.com\\\/#\\\/schema\\\/logo\\\/image\\\/\",\"url\":\"https:\\\/\\\/abacus-school.com\\\/wp-content\\\/uploads\\\/2024\\\/11\\\/Abacus-companyLogo-small-1.png\",\"contentUrl\":\"https:\\\/\\\/abacus-school.com\\\/wp-content\\\/uploads\\\/2024\\\/11\\\/Abacus-companyLogo-small-1.png\",\"width\":107,\"height\":120,\"caption\":\"Abacus School\"},\"image\":{\"@id\":\"https:\\\/\\\/abacus-school.com\\\/#\\\/schema\\\/logo\\\/image\\\/\"}}]}<\/script>\n<!-- \/ Yoast SEO plugin. -->","yoast_head_json":{"title":"Admission - Abacus School","robots":{"index":"index","follow":"follow","max-snippet":"max-snippet:-1","max-image-preview":"max-image-preview:large","max-video-preview":"max-video-preview:-1"},"canonical":"https:\/\/abacus-school.com\/pt\/admission\/","og_locale":"pt_PT","og_type":"article","og_title":"Admission - Abacus School","og_description":"Student Admission To be considered for admission, interested parties must complete the school&#8217;s admission form, which is available either at the school or here on the website. In addition to the completed form, applicants are required to submit school reports or transcripts, student identification documents, recent photos, and payment of the registration fee. The admission [&hellip;]","og_url":"https:\/\/abacus-school.com\/pt\/admission\/","og_site_name":"Abacus School","article_modified_time":"2023-04-07T08:51:27+00:00","twitter_card":"summary_large_image","twitter_misc":{"Tempo estimado de leitura":"1 minuto"},"schema":{"@context":"https:\/\/schema.org","@graph":[{"@type":"WebPage","@id":"https:\/\/abacus-school.com\/admission\/","url":"https:\/\/abacus-school.com\/admission\/","name":"Admission - Abacus School","isPartOf":{"@id":"https:\/\/abacus-school.com\/#website"},"datePublished":"2023-04-06T13:00:36+00:00","dateModified":"2023-04-07T08:51:27+00:00","breadcrumb":{"@id":"https:\/\/abacus-school.com\/admission\/#breadcrumb"},"inLanguage":"pt-PT","potentialAction":[{"@type":"ReadAction","target":["https:\/\/abacus-school.com\/admission\/"]}]},{"@type":"BreadcrumbList","@id":"https:\/\/abacus-school.com\/admission\/#breadcrumb","itemListElement":[{"@type":"ListItem","position":1,"name":"Home","item":"https:\/\/abacus-school.com\/"},{"@type":"ListItem","position":2,"name":"Admission"}]},{"@type":"WebSite","@id":"https:\/\/abacus-school.com\/#website","url":"https:\/\/abacus-school.com\/","name":"Abacus School","description":"Abacus School Maputo","publisher":{"@id":"https:\/\/abacus-school.com\/#organization"},"potentialAction":[{"@type":"SearchAction","target":{"@type":"EntryPoint","urlTemplate":"https:\/\/abacus-school.com\/?s={search_term_string}"},"query-input":{"@type":"PropertyValueSpecification","valueRequired":true,"valueName":"search_term_string"}}],"inLanguage":"pt-PT"},{"@type":"Organization","@id":"https:\/\/abacus-school.com\/#organization","name":"Abacus School","url":"https:\/\/abacus-school.com\/","logo":{"@type":"ImageObject","inLanguage":"pt-PT","@id":"https:\/\/abacus-school.com\/#\/schema\/logo\/image\/","url":"https:\/\/abacus-school.com\/wp-content\/uploads\/2024\/11\/Abacus-companyLogo-small-1.png","contentUrl":"https:\/\/abacus-school.com\/wp-content\/uploads\/2024\/11\/Abacus-companyLogo-small-1.png","width":107,"height":120,"caption":"Abacus School"},"image":{"@id":"https:\/\/abacus-school.com\/#\/schema\/logo\/image\/"}}]}},"_links":{"self":[{"href":"https:\/\/abacus-school.com\/pt\/wp-json\/wp\/v2\/pages\/94","targetHints":{"allow":["GET"]}}],"collection":[{"href":"https:\/\/abacus-school.com\/pt\/wp-json\/wp\/v2\/pages"}],"about":[{"href":"https:\/\/abacus-school.com\/pt\/wp-json\/wp\/v2\/types\/page"}],"author":[{"embeddable":true,"href":"https:\/\/abacus-school.com\/pt\/wp-json\/wp\/v2\/users\/1"}],"replies":[{"embeddable":true,"href":"https:\/\/abacus-school.com\/pt\/wp-json\/wp\/v2\/comments?post=94"}],"version-history":[{"count":9,"href":"https:\/\/abacus-school.com\/pt\/wp-json\/wp\/v2\/pages\/94\/revisions"}],"predecessor-version":[{"id":187,"href":"https:\/\/abacus-school.com\/pt\/wp-json\/wp\/v2\/pages\/94\/revisions\/187"}],"wp:attachment":[{"href":"https:\/\/abacus-school.com\/pt\/wp-json\/wp\/v2\/media?parent=94"}],"curies":[{"name":"wp","href":"https:\/\/api.w.org\/{rel}","templated":true}]}}